{"id":99,"date":"2016-01-09T20:22:58","date_gmt":"2016-01-09T19:22:58","guid":{"rendered":"http:\/\/alter-schmiedehof.de\/index.php\/aufnahme-2\/"},"modified":"2016-02-16T13:08:04","modified_gmt":"2016-02-16T12:08:04","slug":"zielgruppe","status":"publish","type":"page","link":"https:\/\/alter-schmiedehof.de\/index.php\/zielgruppe\/","title":{"rendered":"Zielgruppe"},"content":{"rendered":"<\/div><\/div><\/div><!-- close content main div --><\/div><\/div><div id='full_slider_1' class='avia-fullwidth-slider main_color avia-shadow   container_wrap fullsize'   ><div  data-size='featured_large'  data-lightbox_size='large'  data-animation='slide'  data-ids='160'  data-video_counter='0'  data-autoplay='false'  data-bg_slider='false'  data-slide_height=''  data-handle='av_slideshow_full'  data-interval='5'  data-class=' '  data-css_id=''  data-scroll_down=''  data-control_layout='av-control-default'  data-custom_markup=''  data-perma_caption=''  data-autoplay_stopper=''  data-image_attachment=''  data-min_height='0px'  data-src=''  data-position='top left'  data-repeat='no-repeat'  data-attach='scroll'  data-stretch=''  data-default-height='42'  class='avia-slideshow avia-slideshow-1  av-control-default av-default-height-applied avia-slideshow-featured_large av_slideshow_full   avia-slide-slider '  itemscope=\"itemscope\" itemtype=\"https:\/\/schema.org\/ImageObject\" ><ul class='avia-slideshow-inner' style='padding-bottom: 42%;'><li  class=' av-single-slide slide-1 ' ><div data-rel='slideshow-1' class='avia-slide-wrap'  ><div class = \"caption_fullwidth av-slideshow-caption caption_center\"><div class = \"container caption_container\"><div class = \"slideshow_caption\"><div class = \"slideshow_inner_caption\"><div class = \"slideshow_align_caption\"><h2  style='font-size:60px; ' class='avia-caption-title '  itemprop=\"name\" >Zielgruppe<\/h2><\/div><\/div><\/div><\/div><\/div><img src='https:\/\/alter-schmiedehof.de\/wp-content\/uploads\/2016\/01\/bullriding.jpg' width='1500' height='630' title='bullriding' alt=''  itemprop=\"thumbnailUrl\"   \/><\/div><\/li><\/ul><\/div><\/div>\n<\/div><\/div><\/div><!-- close content main div --><\/div><\/div><div class='clear'><\/div><div id='sub_menu1' class='av-submenu-container main_color  av-sticky-submenu container_wrap fullsize'   style='z-index:301'><div class='container av-menu-mobile-disabled '><ul id=\"menu-menu-aufnahme\" class=\"av-subnav-menu av-submenu-pos-center\"><li id=\"menu-item-118\" class=\"menu-item menu-item-type-post_type menu-item-object-page menu-item-top-level menu-item-top-level-1\"><a href=\"https:\/\/alter-schmiedehof.de\/index.php\/zielgruppe\/\" itemprop=\"url\"><span class=\"avia-bullet\"><\/span><span class=\"avia-menu-text\">Zielgruppe<\/span><span class=\"avia-menu-fx\"><span class=\"avia-arrow-wrap\"><span class=\"avia-arrow\"><\/span><\/span><\/span><\/a><\/li>\n<li id=\"menu-item-117\" class=\"menu-item menu-item-type-post_type menu-item-object-page menu-item-top-level menu-item-top-level-2\"><a href=\"https:\/\/alter-schmiedehof.de\/index.php\/aufnahmeverfahren\/\" itemprop=\"url\"><span class=\"avia-bullet\"><\/span><span class=\"avia-menu-text\">Aufnahmeverfahren<\/span><span class=\"avia-menu-fx\"><span class=\"avia-arrow-wrap\"><span class=\"avia-arrow\"><\/span><\/span><\/span><\/a><\/li>\n<\/ul><\/div><\/div><div class='sticky_placeholder'><\/div>\n<div class=\"flex_column av_one_fifth  flex_column_div av-zero-column-padding first  \" style='border-radius:0px; '><\/div>\n<div class=\"flex_column av_three_fifth  flex_column_div av-zero-column-padding   \" style='border-radius:0px; '><section class=\"av_textblock_section \"  itemscope=\"itemscope\" itemtype=\"https:\/\/schema.org\/CreativeWork\" ><div class='avia_textblock  '   itemprop=\"text\" ><p>Wir nehmen M\u00e4dchen ab 12 Jahren nach \u00a7\u00a7 27, 34, 35a,41,42 SGB VIII auf, die durch seelische, k\u00f6rperliche und\/oder sexuelle Gewalt in ihrem Leben beeintr\u00e4chtig wurden.<\/p>\n<p>Dies f\u00fchrt h\u00e4ufig zu folgenden St\u00f6rungsbildern:<\/p>\n<ul>\n<li>Posttraumatische Belastungsst\u00f6rung<\/li>\n<li>Essst\u00f6rungen<\/li>\n<li>Selbstverletzendes Verhalten<\/li>\n<li>wiederkehrenden Erinnerungen an das Trauma (Flashbacks, Alptr\u00e4ume)<\/li>\n<li>Schlafst\u00f6rungen, hohe Nervosit\u00e4t und Anspannung, Konzentrationsproblemen, starke k\u00f6rperliche Reaktionen auf Stress<\/li>\n<li>mangelnde F\u00e4higkeit, sich selbst zu beruhigen<\/li>\n<li>Vermeidungsverhalten (z.B. sozialer R\u00fcckzug, Schulverweigerung)<\/li>\n<li>\u00c4ngste<\/li>\n<li>Dissoziationen<\/li>\n<li>Depressionen<\/li>\n<li>Suizidgedanken<\/li>\n<\/ul>\n<p>Nicht aufnehmen k\u00f6nnen wir:<\/p>\n<ul>\n<li>Jungen<\/li>\n<li>M\u00e4dchen mit k\u00f6rperlicher oder geistiger Behinderung<\/li>\n<li>M\u00e4dchen mit akuter Drogenproblematik<\/li>\n<li>M\u00e4dchen mit psychiatrischer Essst\u00f6rung<\/li>\n<li>M\u00e4dchen, die eine Gef\u00e4hrdung f\u00fcr andere Personen und Lebewesen sind<\/li>\n<\/ul>\n<p>Im Hinblick auf Leistungen nach \u00a7\u00a7 35a, 42 SGB VIII bzw. im Rahmen einer Psychiatrienachbetreuung ist vor Aufnahme besonders die aktuelle Gruppenzusammensetzung und Gruppendynamik zu ber\u00fccksichtigen.<\/p>\n<p>Unter Umst\u00e4nden m\u00fcssen mit dem Kostentr\u00e4ger individuelle Zusatzleistungen vereinbart werden, um eine Aufnahme des jungen Menschen in unser Betreuungskonzept zu erm\u00f6glichen und dabei seine ad\u00e4quate F\u00f6rderung und Betreuung zu gew\u00e4hrleisten.<\/p>\n<p>Bevor eine Aufnahme stattfindet, ist ein Probewohnen von zwei bis sieben Tagen erw\u00fcnscht.<\/p>\n<p>Im Zusammenhang mit der Tierhaltung ist ein Vorhandensein allergischer Reaktionen auf Tierhaare und\/oder Heuallergie und die Beeintr\u00e4chtigung dadurch zu \u00fcberpr\u00fcfen.<br \/>\nDie Jugendlichen sollten sich auf ein Leben in einem engen Betreuungsrahmen einlassen k\u00f6nnen und wollen. Wir nehmen nur M\u00e4dchen auf, die sich bewusst f\u00fcr ein Leben bei uns entscheiden k\u00f6nnen.<\/p>\n<\/div><\/section><\/div><div class=\"flex_column av_one_fifth  flex_column_div av-zero-column-padding   \" style='border-radius:0px; '><\/div><\/p>\n","protected":false},"excerpt":{"rendered":"","protected":false},"author":3,"featured_media":0,"parent":0,"menu_order":0,"comment_status":"closed","ping_status":"closed","template":"","meta":{"footnotes":""},"class_list":["post-99","page","type-page","status-publish","hentry"],"_links":{"self":[{"href":"https:\/\/alter-schmiedehof.de\/index.php\/wp-json\/wp\/v2\/pages\/99","targetHints":{"allow":["GET"]}}],"collection":[{"href":"https:\/\/alter-schmiedehof.de\/index.php\/wp-json\/wp\/v2\/pages"}],"about":[{"href":"https:\/\/alter-schmiedehof.de\/index.php\/wp-json\/wp\/v2\/types\/page"}],"author":[{"embeddable":true,"href":"https:\/\/alter-schmiedehof.de\/index.php\/wp-json\/wp\/v2\/users\/3"}],"replies":[{"embeddable":true,"href":"https:\/\/alter-schmiedehof.de\/index.php\/wp-json\/wp\/v2\/comments?post=99"}],"version-history":[{"count":5,"href":"https:\/\/alter-schmiedehof.de\/index.php\/wp-json\/wp\/v2\/pages\/99\/revisions"}],"predecessor-version":[{"id":248,"href":"https:\/\/alter-schmiedehof.de\/index.php\/wp-json\/wp\/v2\/pages\/99\/revisions\/248"}],"wp:attachment":[{"href":"https:\/\/alter-schmiedehof.de\/index.php\/wp-json\/wp\/v2\/media?parent=99"}],"curies":[{"name":"wp","href":"https:\/\/api.w.org\/{rel}","templated":true}]}}