{"id":76,"date":"2015-12-02T15:36:37","date_gmt":"2015-12-02T14:36:37","guid":{"rendered":"http:\/\/alter-schmiedehof.de\/index.php\/achtsamkeits-und-fertigkeitsgruppe-2\/"},"modified":"2016-02-16T13:12:36","modified_gmt":"2016-02-16T12:12:36","slug":"aufnahme","status":"publish","type":"page","link":"https:\/\/alter-schmiedehof.de\/index.php\/aufnahme\/","title":{"rendered":"Aufnahme"},"content":{"rendered":"<\/div><\/div><\/div><!-- close content main div --><\/div><\/div><div id='full_slider_1' class='avia-fullwidth-slider main_color avia-shadow   container_wrap fullsize'   ><div  data-size='featured_large'  data-lightbox_size='large'  data-animation='slide'  data-ids='162'  data-video_counter='0'  data-autoplay='false'  data-bg_slider='false'  data-slide_height=''  data-handle='av_slideshow_full'  data-interval='5'  data-class=' '  data-css_id=''  data-scroll_down=''  data-control_layout='av-control-default'  data-custom_markup=''  data-perma_caption=''  data-autoplay_stopper=''  data-image_attachment=''  data-min_height='0px'  data-src=''  data-position='top left'  data-repeat='no-repeat'  data-attach='scroll'  data-stretch=''  data-default-height='42'  class='avia-slideshow avia-slideshow-1  av-control-default av-default-height-applied avia-slideshow-featured_large av_slideshow_full   avia-slide-slider '  itemscope=\"itemscope\" itemtype=\"https:\/\/schema.org\/ImageObject\" ><ul class='avia-slideshow-inner' style='padding-bottom: 42%;'><li  class=' av-single-slide slide-1 ' ><div data-rel='slideshow-1' class='avia-slide-wrap'  ><div class = \"caption_fullwidth av-slideshow-caption caption_center\"><div class = \"container caption_container\"><div class = \"slideshow_caption\"><div class = \"slideshow_inner_caption\"><div class = \"slideshow_align_caption\"><h2  style='font-size:60px; ' class='avia-caption-title '  itemprop=\"name\" >Aufnahme<\/h2><\/div><\/div><\/div><\/div><\/div><img src='https:\/\/alter-schmiedehof.de\/wp-content\/uploads\/2015\/12\/max.jpg' width='1500' height='630' title='max' alt=''  itemprop=\"thumbnailUrl\"   \/><\/div><\/li><\/ul><\/div><\/div>\n<\/div><\/div><\/div><!-- close content main div --><\/div><\/div><div class='clear'><\/div><div id='sub_menu1' class='av-submenu-container main_color  av-sticky-submenu container_wrap fullsize'   style='z-index:301'><div class='container av-menu-mobile-disabled '><ul id=\"menu-menu-aufnahme\" class=\"av-subnav-menu av-submenu-pos-center\"><li id=\"menu-item-118\" class=\"menu-item menu-item-type-post_type menu-item-object-page menu-item-top-level menu-item-top-level-1\"><a href=\"https:\/\/alter-schmiedehof.de\/index.php\/zielgruppe\/\" itemprop=\"url\"><span class=\"avia-bullet\"><\/span><span class=\"avia-menu-text\">Zielgruppe<\/span><span class=\"avia-menu-fx\"><span class=\"avia-arrow-wrap\"><span class=\"avia-arrow\"><\/span><\/span><\/span><\/a><\/li>\n<li id=\"menu-item-117\" class=\"menu-item menu-item-type-post_type menu-item-object-page menu-item-top-level menu-item-top-level-2\"><a href=\"https:\/\/alter-schmiedehof.de\/index.php\/aufnahmeverfahren\/\" itemprop=\"url\"><span class=\"avia-bullet\"><\/span><span class=\"avia-menu-text\">Aufnahmeverfahren<\/span><span class=\"avia-menu-fx\"><span class=\"avia-arrow-wrap\"><span class=\"avia-arrow\"><\/span><\/span><\/span><\/a><\/li>\n<\/ul><\/div><\/div><div class='sticky_placeholder'><\/div>\n<div class=\"flex_column av_one_fifth  flex_column_div av-zero-column-padding first  \" style='border-radius:0px; '><\/div>\n<div class=\"flex_column av_three_fifth  flex_column_div av-zero-column-padding   \" style='border-radius:0px; '><section class=\"av_textblock_section \"  itemscope=\"itemscope\" itemtype=\"https:\/\/schema.org\/CreativeWork\" ><div class='avia_textblock  '   itemprop=\"text\" ><p>Das besondere Leistungsangebot des Alten Schmiedehofs richtet sich an junge M\u00e4dchen mit Traumafolgeerscheinungen, posttraumatischen Belastungsst\u00f6rungen und komplex traumatisierte M\u00e4dchen.<\/p>\n<p><strong>Mehr Informationen zur Aufnahme<\/strong><\/p>\n<ul>\n<li><span class=\"avia-menu-text\"><a href=\"https:\/\/alter-schmiedehof.de\/index.php\/zielgruppe\/\">Zielgruppe<\/a><\/span><\/li>\n<li><a href=\"https:\/\/alter-schmiedehof.de\/index.php\/aufnahmeverfahren\/\"><span class=\"avia-menu-text\">Aufnahmeverfahren<\/span><\/a><\/li>\n<\/ul>\n<\/div><\/section><\/div><div class=\"flex_column av_one_fifth  flex_column_div av-zero-column-padding   \" style='border-radius:0px; '><\/div><\/p>\n","protected":false},"excerpt":{"rendered":"","protected":false},"author":3,"featured_media":0,"parent":0,"menu_order":0,"comment_status":"closed","ping_status":"closed","template":"","meta":{"footnotes":""},"class_list":["post-76","page","type-page","status-publish","hentry"],"_links":{"self":[{"href":"https:\/\/alter-schmiedehof.de\/index.php\/wp-json\/wp\/v2\/pages\/76","targetHints":{"allow":["GET"]}}],"collection":[{"href":"https:\/\/alter-schmiedehof.de\/index.php\/wp-json\/wp\/v2\/pages"}],"about":[{"href":"https:\/\/alter-schmiedehof.de\/index.php\/wp-json\/wp\/v2\/types\/page"}],"author":[{"embeddable":true,"href":"https:\/\/alter-schmiedehof.de\/index.php\/wp-json\/wp\/v2\/users\/3"}],"replies":[{"embeddable":true,"href":"https:\/\/alter-schmiedehof.de\/index.php\/wp-json\/wp\/v2\/comments?post=76"}],"version-history":[{"count":5,"href":"https:\/\/alter-schmiedehof.de\/index.php\/wp-json\/wp\/v2\/pages\/76\/revisions"}],"predecessor-version":[{"id":250,"href":"https:\/\/alter-schmiedehof.de\/index.php\/wp-json\/wp\/v2\/pages\/76\/revisions\/250"}],"wp:attachment":[{"href":"https:\/\/alter-schmiedehof.de\/index.php\/wp-json\/wp\/v2\/media?parent=76"}],"curies":[{"name":"wp","href":"https:\/\/api.w.org\/{rel}","templated":true}]}}