{"id":67,"date":"2015-12-02T15:29:09","date_gmt":"2015-12-02T14:29:09","guid":{"rendered":"http:\/\/alter-schmiedehof.de\/index.php\/achtsamkeits-und-fertigkeitsgruppe-2\/"},"modified":"2016-02-16T14:07:47","modified_gmt":"2016-02-16T13:07:47","slug":"tierhaltung","status":"publish","type":"page","link":"https:\/\/alter-schmiedehof.de\/index.php\/tierhaltung\/","title":{"rendered":"Tierhaltung"},"content":{"rendered":"<\/div><\/div><\/div><!-- close content main div --><\/div><\/div><div id='full_slider_1' class='avia-fullwidth-slider main_color avia-shadow   container_wrap fullsize'   ><div  data-size='featured_large'  data-lightbox_size='large'  data-animation='slide'  data-ids='44'  data-video_counter='0'  data-autoplay='false'  data-bg_slider='false'  data-slide_height=''  data-handle='av_slideshow_full'  data-interval='5'  data-class=' '  data-css_id=''  data-scroll_down=''  data-control_layout='av-control-default'  data-custom_markup=''  data-perma_caption=''  data-autoplay_stopper=''  data-image_attachment=''  data-min_height='0px'  data-src=''  data-position='top left'  data-repeat='no-repeat'  data-attach='scroll'  data-stretch=''  data-default-height='42'  class='avia-slideshow avia-slideshow-1  av-control-default av-default-height-applied avia-slideshow-featured_large av_slideshow_full   avia-slide-slider '  itemscope=\"itemscope\" itemtype=\"https:\/\/schema.org\/ImageObject\" ><ul class='avia-slideshow-inner' style='padding-bottom: 42%;'><li  class=' av-single-slide slide-1 ' ><div data-rel='slideshow-1' class='avia-slide-wrap'  ><div class = \"caption_fullwidth av-slideshow-caption caption_center\"><div class = \"container caption_container\"><div class = \"slideshow_caption\"><div class = \"slideshow_inner_caption\"><div class = \"slideshow_align_caption\"><h2  style='font-size:60px; ' class='avia-caption-title '  itemprop=\"name\" >Tierhaltung<\/h2><\/div><\/div><\/div><\/div><\/div><img src='https:\/\/alter-schmiedehof.de\/wp-content\/uploads\/2015\/11\/pferde.jpg' width='1500' height='630' title='pferde' alt=''  itemprop=\"thumbnailUrl\"   \/><\/div><\/li><\/ul><\/div><\/div>\n<\/div><\/div><\/div><!-- close content main div --><\/div><\/div><div class='clear'><\/div><div id='sub_menu1' class='av-submenu-container main_color  av-sticky-submenu container_wrap fullsize'   style='z-index:301'><div class='container av-menu-mobile-disabled '><ul id=\"menu-footer-spalte-2\" class=\"av-subnav-menu av-submenu-pos-center\"><li id=\"menu-item-87\" class=\"menu-item menu-item-type-post_type menu-item-object-page menu-item-top-level menu-item-top-level-1\"><a href=\"https:\/\/alter-schmiedehof.de\/index.php\/der-hof\/\" itemprop=\"url\"><span class=\"avia-bullet\"><\/span><span class=\"avia-menu-text\">Der Hof<\/span><span class=\"avia-menu-fx\"><span class=\"avia-arrow-wrap\"><span class=\"avia-arrow\"><\/span><\/span><\/span><\/a><\/li>\n<li id=\"menu-item-86\" class=\"menu-item menu-item-type-post_type menu-item-object-page menu-item-top-level menu-item-top-level-2\"><a href=\"https:\/\/alter-schmiedehof.de\/index.php\/achtsamkeits-und-fertigkeitsgruppe\/\" itemprop=\"url\"><span class=\"avia-bullet\"><\/span><span class=\"avia-menu-text\">Achtsamkeits-und Fertigkeitsgruppe<\/span><span class=\"avia-menu-fx\"><span class=\"avia-arrow-wrap\"><span class=\"avia-arrow\"><\/span><\/span><\/span><\/a><\/li>\n<li id=\"menu-item-85\" class=\"menu-item menu-item-type-post_type menu-item-object-page menu-item-top-level menu-item-top-level-3\"><a href=\"https:\/\/alter-schmiedehof.de\/index.php\/tierhaltung\/\" itemprop=\"url\"><span class=\"avia-bullet\"><\/span><span class=\"avia-menu-text\">Tierhaltung<\/span><span class=\"avia-menu-fx\"><span class=\"avia-arrow-wrap\"><span class=\"avia-arrow\"><\/span><\/span><\/span><\/a><\/li>\n<li id=\"menu-item-84\" class=\"menu-item menu-item-type-post_type menu-item-object-page menu-item-top-level menu-item-top-level-4\"><a href=\"https:\/\/alter-schmiedehof.de\/index.php\/schule-beruf\/\" itemprop=\"url\"><span class=\"avia-bullet\"><\/span><span class=\"avia-menu-text\">Schule und berufliche F\u00f6rderung<\/span><span class=\"avia-menu-fx\"><span class=\"avia-arrow-wrap\"><span class=\"avia-arrow\"><\/span><\/span><\/span><\/a><\/li>\n<li id=\"menu-item-83\" class=\"menu-item menu-item-type-post_type menu-item-object-page menu-item-top-level menu-item-top-level-5\"><a href=\"https:\/\/alter-schmiedehof.de\/index.php\/angehoerigenarbeit\/\" itemprop=\"url\"><span class=\"avia-bullet\"><\/span><span class=\"avia-menu-text\">Angeh\u00f6rigenarbeit<\/span><span class=\"avia-menu-fx\"><span class=\"avia-arrow-wrap\"><span class=\"avia-arrow\"><\/span><\/span><\/span><\/a><\/li>\n<\/ul><\/div><\/div><div class='sticky_placeholder'><\/div>\n<div class=\"flex_column av_one_fifth  flex_column_div av-zero-column-padding first  \" style='border-radius:0px; '><\/div>\n<div class=\"flex_column av_three_fifth  flex_column_div av-zero-column-padding   \" style='border-radius:0px; '><section class=\"av_textblock_section \"  itemscope=\"itemscope\" itemtype=\"https:\/\/schema.org\/CreativeWork\" ><div class='avia_textblock  '   itemprop=\"text\" ><p style=\"text-align: justify;\">Der Lebensalltag mit den Tieren bietet den Jugendlichen besondere M\u00f6glichkeiten der Selbsterfahrung. Bei der Pflege und Versorgung der Tiere geht es um Regelm\u00e4\u00dfigkeit, Zuverl\u00e4ssigkeit und Disziplin, aber vor allem um die Erfahrung, gebraucht zu werden, sinnvoll t\u00e4tig zu sein und N\u00e4he zu erleben.<\/p>\n<p style=\"text-align: justify;\">Die Wertfreiheit, mit der Tiere ihrem Gegen\u00fcber begegnen, hilft Kindern und Jugendlichen nach traumatischen Beziehungserlebnissen und erweist sich als Medium f\u00fcr weitere positive Erfahrungen auf diesem Gebiet.<\/p>\n<p style=\"text-align: justify;\">Ein wesentlicher Teil unseres p\u00e4dagogischen Angebotes ist der Umgang mit den Pferden. Diese wurden von der Leiterin so ausgebildet, dass sie durch Lesen der Mimik, K\u00f6rperspannung und Gestik des Pferdef\u00fchrers (des Kindes bzw. Jugendlichen) dessen situative Verfassung aufnehmen k\u00f6nnen. Dadurch sind die Pferde in der Lage, ad\u00e4quat mit dem Pferdef\u00fchrer zu arbeiten.<\/p>\n<p style=\"text-align: justify;\">Die Pferde sind darauf trainiert, sich durch die K\u00f6rpersprache des Reiters lenken zu lassen.<br \/>\nDadurch werden die M\u00e4dchen angehalten, ihren K\u00f6rper wahrzunehmen, bewusst verschiedene K\u00f6rperhaltungen und -spannungen einzunehmen und sich in einer st\u00e4ndigen Interaktion kommentarlos reflektieren zu lassen.<\/p>\n<p style=\"text-align: justify;\">Je klarer ein M\u00e4dchen im Umgang mit dem Pferd ist, desto mehr Vertrauen findet es zu ihm. Die M\u00e4dchen werden von den Pferden aufgefordert, Grenzen auf eine freundlich bestimmte Art zu setzen. So k\u00f6nnen sie sich im Abgrenzen und Durchsetzen erproben.<\/p>\n<p style=\"text-align: justify;\">Pferde sind unvoreingenommen, nicht nachtragend und belohnen freundliches, faires Verhalten sofort mit Zutraulichkeit. Man kann sie f\u00fcttern, putzen, streicheln und mit ihnen spielen. Beim Reiten f\u00e4rbt die Kraft und Eleganz des Pferdes auf den Reiter ab. Auch wird beim Reiten das Gef\u00fchl des Getragenwerdens hervorgerufen.<\/p>\n<\/div><\/section><\/div><div class=\"flex_column av_one_fifth  flex_column_div av-zero-column-padding   \" style='border-radius:0px; '><\/div><\/p>\n","protected":false},"excerpt":{"rendered":"","protected":false},"author":3,"featured_media":0,"parent":0,"menu_order":0,"comment_status":"closed","ping_status":"closed","template":"","meta":{"footnotes":""},"class_list":["post-67","page","type-page","status-publish","hentry"],"_links":{"self":[{"href":"https:\/\/alter-schmiedehof.de\/index.php\/wp-json\/wp\/v2\/pages\/67","targetHints":{"allow":["GET"]}}],"collection":[{"href":"https:\/\/alter-schmiedehof.de\/index.php\/wp-json\/wp\/v2\/pages"}],"about":[{"href":"https:\/\/alter-schmiedehof.de\/index.php\/wp-json\/wp\/v2\/types\/page"}],"author":[{"embeddable":true,"href":"https:\/\/alter-schmiedehof.de\/index.php\/wp-json\/wp\/v2\/users\/3"}],"replies":[{"embeddable":true,"href":"https:\/\/alter-schmiedehof.de\/index.php\/wp-json\/wp\/v2\/comments?post=67"}],"version-history":[{"count":5,"href":"https:\/\/alter-schmiedehof.de\/index.php\/wp-json\/wp\/v2\/pages\/67\/revisions"}],"predecessor-version":[{"id":260,"href":"https:\/\/alter-schmiedehof.de\/index.php\/wp-json\/wp\/v2\/pages\/67\/revisions\/260"}],"wp:attachment":[{"href":"https:\/\/alter-schmiedehof.de\/index.php\/wp-json\/wp\/v2\/media?parent=67"}],"curies":[{"name":"wp","href":"https:\/\/api.w.org\/{rel}","templated":true}]}}