{"id":53,"date":"2015-12-02T15:21:02","date_gmt":"2015-12-02T14:21:02","guid":{"rendered":"http:\/\/alter-schmiedehof.de\/index.php\/der-hof-2\/"},"modified":"2016-02-16T13:51:50","modified_gmt":"2016-02-16T12:51:50","slug":"achtsamkeits-und-fertigkeitsgruppe","status":"publish","type":"page","link":"https:\/\/alter-schmiedehof.de\/index.php\/achtsamkeits-und-fertigkeitsgruppe\/","title":{"rendered":"Achtsamkeits-und Fertigkeitsgruppe"},"content":{"rendered":"<\/div><\/div><\/div><!-- close content main div --><\/div><\/div><div id='full_slider_1' class='avia-fullwidth-slider main_color avia-shadow   container_wrap fullsize'   ><div  data-size='featured_large'  data-lightbox_size='large'  data-animation='slide'  data-ids='13'  data-video_counter='0'  data-autoplay='false'  data-bg_slider='false'  data-slide_height=''  data-handle='av_slideshow_full'  data-interval='5'  data-class=' '  data-css_id=''  data-scroll_down=''  data-control_layout='av-control-default'  data-custom_markup=''  data-perma_caption=''  data-autoplay_stopper=''  data-image_attachment=''  data-min_height='0px'  data-src=''  data-position='top left'  data-repeat='no-repeat'  data-attach='scroll'  data-stretch=''  data-default-height='42'  class='avia-slideshow avia-slideshow-1  av-control-default av-default-height-applied avia-slideshow-featured_large av_slideshow_full   avia-slide-slider '  itemscope=\"itemscope\" itemtype=\"https:\/\/schema.org\/ImageObject\" ><ul class='avia-slideshow-inner' style='padding-bottom: 42%;'><li  class=' av-single-slide slide-1 ' ><div data-rel='slideshow-1' class='avia-slide-wrap'  ><div class = \"caption_fullwidth av-slideshow-caption caption_center\"><div class = \"container caption_container\"><div class = \"slideshow_caption\"><div class = \"slideshow_inner_caption\"><div class = \"slideshow_align_caption\"><h2  style='font-size:60px; ' class='avia-caption-title '  itemprop=\"name\" >Achtsamkeits-und Fertigkeitsgruppe<\/h2><\/div><\/div><\/div><\/div><\/div><img src='https:\/\/alter-schmiedehof.de\/wp-content\/uploads\/2015\/11\/slider-startseite.jpg' width='1500' height='630' title='slider-startseite' alt=''  itemprop=\"thumbnailUrl\"   \/><\/div><\/li><\/ul><\/div><\/div>\n<\/div><\/div><\/div><!-- close content main div --><\/div><\/div><div class='clear'><\/div><div id='sub_menu1' class='av-submenu-container main_color  av-sticky-submenu container_wrap fullsize'   style='z-index:301'><div class='container av-menu-mobile-disabled '><ul id=\"menu-footer-spalte-2\" class=\"av-subnav-menu av-submenu-pos-center\"><li id=\"menu-item-87\" class=\"menu-item menu-item-type-post_type menu-item-object-page menu-item-top-level menu-item-top-level-1\"><a href=\"https:\/\/alter-schmiedehof.de\/index.php\/der-hof\/\" itemprop=\"url\"><span class=\"avia-bullet\"><\/span><span class=\"avia-menu-text\">Der Hof<\/span><span class=\"avia-menu-fx\"><span class=\"avia-arrow-wrap\"><span class=\"avia-arrow\"><\/span><\/span><\/span><\/a><\/li>\n<li id=\"menu-item-86\" class=\"menu-item menu-item-type-post_type menu-item-object-page menu-item-top-level menu-item-top-level-2\"><a href=\"https:\/\/alter-schmiedehof.de\/index.php\/achtsamkeits-und-fertigkeitsgruppe\/\" itemprop=\"url\"><span class=\"avia-bullet\"><\/span><span class=\"avia-menu-text\">Achtsamkeits-und Fertigkeitsgruppe<\/span><span class=\"avia-menu-fx\"><span class=\"avia-arrow-wrap\"><span class=\"avia-arrow\"><\/span><\/span><\/span><\/a><\/li>\n<li id=\"menu-item-85\" class=\"menu-item menu-item-type-post_type menu-item-object-page menu-item-top-level menu-item-top-level-3\"><a href=\"https:\/\/alter-schmiedehof.de\/index.php\/tierhaltung\/\" itemprop=\"url\"><span class=\"avia-bullet\"><\/span><span class=\"avia-menu-text\">Tierhaltung<\/span><span class=\"avia-menu-fx\"><span class=\"avia-arrow-wrap\"><span class=\"avia-arrow\"><\/span><\/span><\/span><\/a><\/li>\n<li id=\"menu-item-84\" class=\"menu-item menu-item-type-post_type menu-item-object-page menu-item-top-level menu-item-top-level-4\"><a href=\"https:\/\/alter-schmiedehof.de\/index.php\/schule-beruf\/\" itemprop=\"url\"><span class=\"avia-bullet\"><\/span><span class=\"avia-menu-text\">Schule und berufliche F\u00f6rderung<\/span><span class=\"avia-menu-fx\"><span class=\"avia-arrow-wrap\"><span class=\"avia-arrow\"><\/span><\/span><\/span><\/a><\/li>\n<li id=\"menu-item-83\" class=\"menu-item menu-item-type-post_type menu-item-object-page menu-item-top-level menu-item-top-level-5\"><a href=\"https:\/\/alter-schmiedehof.de\/index.php\/angehoerigenarbeit\/\" itemprop=\"url\"><span class=\"avia-bullet\"><\/span><span class=\"avia-menu-text\">Angeh\u00f6rigenarbeit<\/span><span class=\"avia-menu-fx\"><span class=\"avia-arrow-wrap\"><span class=\"avia-arrow\"><\/span><\/span><\/span><\/a><\/li>\n<\/ul><\/div><\/div><div class='sticky_placeholder'><\/div>\n<div class=\"flex_column av_one_fifth  flex_column_div av-zero-column-padding first  \" style='border-radius:0px; '><\/div>\n<div class=\"flex_column av_three_fifth  flex_column_div av-zero-column-padding   \" style='border-radius:0px; '><section class=\"av_textblock_section \"  itemscope=\"itemscope\" itemtype=\"https:\/\/schema.org\/CreativeWork\" ><div class='avia_textblock  '   itemprop=\"text\" ><p style=\"text-align: justify;\">Die DBT-A ist eine Verhaltenstherapie, die von Marsha Linehan entwickelt wurde. Unsere P\u00e4dagogische Arbeit lehnt sich an das Konzept der DBT-A an. Die Grundlage der DBT-A ist ein Menschenbild, das davon ausgeht, dass jeder Mensch sich entwickeln und mit anderen kooperieren will. Diese Grundhaltung gilt nicht nur f\u00fcr Jugendliche, sondern immer auch f\u00fcr unsere Mitarbeiter.<\/p>\n<p style=\"text-align: justify;\">Die Ursache f\u00fcr psychische Schwierigkeiten wird in einer Kombination aus erh\u00f6hter Vulnerabilit\u00e4t und einem invalidierenden Umfeld gesehen. So bilden sich h\u00e4ufig dysfunktionale Grundannahmen. Das Selbstwertgef\u00fchl und soziale Kompetenzen werden nicht ausreichend ausgebildet. Hohe Grundanspannung und das Gef\u00fchl von Kontrollverlust f\u00fchren zu unspezifischen Anpassungsreaktionen, die nicht selten in selbstverletzendem Verhalten enden.<\/p>\n<p style=\"text-align: justify;\">Radikale Akzeptanz der Situation, wie sie ist und auch wie sie gewesen ist, bildet den Ausgangspunkt f\u00fcr die DBT-A. Von dieser Basis ausgehend werden Ziele gesetzt und insbesondere angestrebte Verhaltens\u00e4nderungen konkretisiert. Mit Hilfe von Verhaltensanalysen werden Fortschritte und M\u00f6glichkeiten von Verhaltens\u00e4nderungen ausgelotet. Wichtig ist es, ein validierendes Umfeld zu schaffen, wobei ein besonderes Augenmerk darauf zu legen ist, dysfunktionales Verhalten weder zu verurteilen noch mit viel Aufmerksamkeit zu belohnen.<\/p>\n<p style=\"text-align: justify;\">Grundvoraussetzung ist ein achtsamer Umgang mit sich selbst und der eigenen emotionalen Situation, um zu bemerken, wann man aus seiner Mitte heraus kommt und fr\u00fchzeitig mit Emotionsregulationen beginnen kann. F\u00fcr akut kritische Situationen werden Strategien erarbeitetet. Skills sind dabei alle T\u00e4tigkeiten, die helfen Anspannung zu reduzieren und so dysfunktionales Verhalten zu vermeiden.<\/p>\n<p style=\"text-align: justify;\">Um Stimmungsschwankungen zu reduzieren, wird auf eine Erh\u00f6hung der Stresstoleranz gesetzt. Zwischenmenschliche Fertigkeiten werden trainiert, um Stresssituationen im Vorfeld zu vermeiden.<\/p>\n<p style=\"text-align: justify;\">Wir bieten eine regelm\u00e4\u00dfig stattfindende Achtsamkeits- und Fertigkeitsgruppe an, an der alle M\u00e4dchen verpflichtend teilnehmen.<\/p>\n<\/div><\/section><\/div><div class=\"flex_column av_one_fifth  flex_column_div av-zero-column-padding   \" style='border-radius:0px; '><\/div><\/p>\n","protected":false},"excerpt":{"rendered":"","protected":false},"author":3,"featured_media":0,"parent":0,"menu_order":0,"comment_status":"closed","ping_status":"closed","template":"","meta":{"footnotes":""},"class_list":["post-53","page","type-page","status-publish","hentry"],"_links":{"self":[{"href":"https:\/\/alter-schmiedehof.de\/index.php\/wp-json\/wp\/v2\/pages\/53","targetHints":{"allow":["GET"]}}],"collection":[{"href":"https:\/\/alter-schmiedehof.de\/index.php\/wp-json\/wp\/v2\/pages"}],"about":[{"href":"https:\/\/alter-schmiedehof.de\/index.php\/wp-json\/wp\/v2\/types\/page"}],"author":[{"embeddable":true,"href":"https:\/\/alter-schmiedehof.de\/index.php\/wp-json\/wp\/v2\/users\/3"}],"replies":[{"embeddable":true,"href":"https:\/\/alter-schmiedehof.de\/index.php\/wp-json\/wp\/v2\/comments?post=53"}],"version-history":[{"count":10,"href":"https:\/\/alter-schmiedehof.de\/index.php\/wp-json\/wp\/v2\/pages\/53\/revisions"}],"predecessor-version":[{"id":255,"href":"https:\/\/alter-schmiedehof.de\/index.php\/wp-json\/wp\/v2\/pages\/53\/revisions\/255"}],"wp:attachment":[{"href":"https:\/\/alter-schmiedehof.de\/index.php\/wp-json\/wp\/v2\/media?parent=53"}],"curies":[{"name":"wp","href":"https:\/\/api.w.org\/{rel}","templated":true}]}}