{"id":49,"date":"2015-12-02T15:18:38","date_gmt":"2015-12-02T14:18:38","guid":{"rendered":"http:\/\/alter-schmiedehof.de\/?page_id=49"},"modified":"2016-02-16T14:05:40","modified_gmt":"2016-02-16T13:05:40","slug":"der-hof","status":"publish","type":"page","link":"https:\/\/alter-schmiedehof.de\/index.php\/der-hof\/","title":{"rendered":"Der Hof"},"content":{"rendered":"<\/div><\/div><\/div><!-- close content main div --><\/div><\/div><div id='full_slider_1' class='avia-fullwidth-slider main_color avia-shadow   container_wrap fullsize'   ><div  data-size='featured_large'  data-lightbox_size='large'  data-animation='slide'  data-ids='50'  data-video_counter='0'  data-autoplay='false'  data-bg_slider='false'  data-slide_height=''  data-handle='av_slideshow_full'  data-interval='5'  data-class=' '  data-css_id=''  data-scroll_down=''  data-control_layout='av-control-default'  data-custom_markup=''  data-perma_caption=''  data-autoplay_stopper=''  data-image_attachment=''  data-min_height='0px'  data-src=''  data-position='top left'  data-repeat='no-repeat'  data-attach='scroll'  data-stretch=''  data-default-height='42'  class='avia-slideshow avia-slideshow-1  av-control-default av-default-height-applied avia-slideshow-featured_large av_slideshow_full   avia-slide-slider '  itemscope=\"itemscope\" itemtype=\"https:\/\/schema.org\/ImageObject\" ><ul class='avia-slideshow-inner' style='padding-bottom: 42%;'><li  class=' av-single-slide slide-1 ' ><div data-rel='slideshow-1' class='avia-slide-wrap'  ><div class = \"caption_fullwidth av-slideshow-caption caption_center\"><div class = \"container caption_container\"><div class = \"slideshow_caption\"><div class = \"slideshow_inner_caption\"><div class = \"slideshow_align_caption\"><h2  style='font-size:60px; ' class='avia-caption-title '  itemprop=\"name\" >Der Hof<\/h2><\/div><\/div><\/div><\/div><\/div><img src='https:\/\/alter-schmiedehof.de\/wp-content\/uploads\/2015\/12\/hof.jpg' width='1500' height='630' title='hof' alt=''  itemprop=\"thumbnailUrl\"   \/><\/div><\/li><\/ul><\/div><\/div>\n<\/div><\/div><\/div><!-- close content main div --><\/div><\/div><div class='clear'><\/div><div id='sub_menu1' class='av-submenu-container main_color  av-sticky-submenu container_wrap fullsize'   style='z-index:301'><div class='container av-menu-mobile-disabled '><ul id=\"menu-footer-spalte-2\" class=\"av-subnav-menu av-submenu-pos-center\"><li id=\"menu-item-87\" class=\"menu-item menu-item-type-post_type menu-item-object-page menu-item-top-level menu-item-top-level-1\"><a href=\"https:\/\/alter-schmiedehof.de\/index.php\/der-hof\/\" itemprop=\"url\"><span class=\"avia-bullet\"><\/span><span class=\"avia-menu-text\">Der Hof<\/span><span class=\"avia-menu-fx\"><span class=\"avia-arrow-wrap\"><span class=\"avia-arrow\"><\/span><\/span><\/span><\/a><\/li>\n<li id=\"menu-item-86\" class=\"menu-item menu-item-type-post_type menu-item-object-page menu-item-top-level menu-item-top-level-2\"><a href=\"https:\/\/alter-schmiedehof.de\/index.php\/achtsamkeits-und-fertigkeitsgruppe\/\" itemprop=\"url\"><span class=\"avia-bullet\"><\/span><span class=\"avia-menu-text\">Achtsamkeits-und Fertigkeitsgruppe<\/span><span class=\"avia-menu-fx\"><span class=\"avia-arrow-wrap\"><span class=\"avia-arrow\"><\/span><\/span><\/span><\/a><\/li>\n<li id=\"menu-item-85\" class=\"menu-item menu-item-type-post_type menu-item-object-page menu-item-top-level menu-item-top-level-3\"><a href=\"https:\/\/alter-schmiedehof.de\/index.php\/tierhaltung\/\" itemprop=\"url\"><span class=\"avia-bullet\"><\/span><span class=\"avia-menu-text\">Tierhaltung<\/span><span class=\"avia-menu-fx\"><span class=\"avia-arrow-wrap\"><span class=\"avia-arrow\"><\/span><\/span><\/span><\/a><\/li>\n<li id=\"menu-item-84\" class=\"menu-item menu-item-type-post_type menu-item-object-page menu-item-top-level menu-item-top-level-4\"><a href=\"https:\/\/alter-schmiedehof.de\/index.php\/schule-beruf\/\" itemprop=\"url\"><span class=\"avia-bullet\"><\/span><span class=\"avia-menu-text\">Schule und berufliche F\u00f6rderung<\/span><span class=\"avia-menu-fx\"><span class=\"avia-arrow-wrap\"><span class=\"avia-arrow\"><\/span><\/span><\/span><\/a><\/li>\n<li id=\"menu-item-83\" class=\"menu-item menu-item-type-post_type menu-item-object-page menu-item-top-level menu-item-top-level-5\"><a href=\"https:\/\/alter-schmiedehof.de\/index.php\/angehoerigenarbeit\/\" itemprop=\"url\"><span class=\"avia-bullet\"><\/span><span class=\"avia-menu-text\">Angeh\u00f6rigenarbeit<\/span><span class=\"avia-menu-fx\"><span class=\"avia-arrow-wrap\"><span class=\"avia-arrow\"><\/span><\/span><\/span><\/a><\/li>\n<\/ul><\/div><\/div><div class='sticky_placeholder'><\/div>\n<div class=\"flex_column av_one_fifth  flex_column_div av-zero-column-padding first  \" style='border-radius:0px; '><\/div>\n<div class=\"flex_column av_three_fifth  flex_column_div av-zero-column-padding   \" style='border-radius:0px; '><section class=\"av_textblock_section \"  itemscope=\"itemscope\" itemtype=\"https:\/\/schema.org\/CreativeWork\" ><div class='avia_textblock  '   itemprop=\"text\" ><p style=\"text-align: justify;\">Der Alte Schmiedehof liegt am Dorfrand einer kleinen Gemeinde zwischen Husum und Schleswig. Auf dem Hof leben Pferde, Hunde, Katzen und Ziegen. Die Leitung lebt gemeinsam mit den Jugendlichen dort und ist in der Gemeinde sehr gut vernetzt. Die Einrichtung wird im Umfeld akzeptiert, so dass die M\u00e4dchen wohlwollend aufgenommen werden. Der Alte Schmiedehof f\u00e4llt nicht als Jugendheim auf, sondern wird als ein ganz normales Wohngeb\u00e4ude wahrgenommen. Dem Haus gegen\u00fcber befindet sich eine Bushaltestelle. Alle Regelschularten, JAW, Berufsschulen und die Werkst\u00e4tten f\u00fcr Behinderte sind mit dem Bus erreichbar.<\/p>\n<p style=\"text-align: justify;\">Neben dem Haupthaus und dem altem Schmiedegeb\u00e4ude befinden sich auf dem Gel\u00e4nde ein Pferdestall mit Sattelkammer, ein beleuchteter Reitplatz, ein Fahrradschuppen, ein Grillplatz sowie eine Ziegenwiese mit Ziegenstall. Es gibt einen Gem\u00fcsegarten zwischen Reitplatz und dem Ziegengehege und eine gr\u00f6\u00dfere Pferdeweide gegen\u00fcber vom Haus.<br \/>\nJedes M\u00e4dchen hat ein eigenes Zimmer, welches es nach der Eingew\u00f6hnungsphase selbst\u00e4ndig gestalten darf. Bei gen\u00fcgendem Verantwortungsbewusstsein besteht die M\u00f6glichkeit, Kleintiere im Zimmer zu halten.<br \/>\nIm Haus befindet sich eine Wohnk\u00fcche zum gemeinsamen Kochen und Essen sowie ein Wohnraum zum Spielen, Quatschen, Feiern und Fernsehen.<br \/>\nDes Weiteren gibt es diverse Wirtschaftsr\u00e4ume und ein B\u00fcro mit angeschlossenem Betreuerschlafraum, sowie 3 B\u00e4der.<br \/>\nDie \u00e4rztliche Versorgung ist in der n\u00e4heren Umgebung gew\u00e4hrleistet. Durch die l\u00e4ngere Zusammenarbeit mit Medizinern verschiedener Fachrichtungen k\u00f6nnen wir auf \u00c4rzte zur\u00fcckgreifen, die mit den Besonderheiten unserer M\u00e4dchen vertraut sind.<br \/>\nFach\u00e4rzte sind in den umliegenden St\u00e4dten ans\u00e4ssig.<br \/>\nKriseninterventionen k\u00f6nnen in der Kinder- und Jugend-,\u00a0 sowie in der Erwachsenenpsychiatrie Schleswig, mit der wir in Kontakt stehen, stattfinden. Dort gibt es auch die M\u00f6glichkeit, eine Langzeittherapie oder eine ambulante Therapie zu machen.<br \/>\nF\u00fcr eventuelle Langzeittherapien streben wir au\u00dferdem eine enge Zusammenarbeit mit der KJP L\u00fcbeck-Vorwerk an, da diese eine besonders geeignete Station f\u00fcr unsere M\u00e4dchen anbietet.<br \/>\nSelbstverst\u00e4ndlich arbeiten wir eng mit den Schulen, Praktikums- und Ausbildungsstellen zusammen. Mit der ans\u00e4ssigen Agentur f\u00fcr Arbeit und den Jugend\u00e4mtern wird eine produktive Zusammenarbeit gepflegt.<\/p>\n<\/div><\/section><\/div><div class=\"flex_column av_one_fifth  flex_column_div av-zero-column-padding   \" style='border-radius:0px; '><\/div><\/p>\n","protected":false},"excerpt":{"rendered":"","protected":false},"author":3,"featured_media":0,"parent":0,"menu_order":0,"comment_status":"closed","ping_status":"closed","template":"","meta":{"footnotes":""},"class_list":["post-49","page","type-page","status-publish","hentry"],"_links":{"self":[{"href":"https:\/\/alter-schmiedehof.de\/index.php\/wp-json\/wp\/v2\/pages\/49","targetHints":{"allow":["GET"]}}],"collection":[{"href":"https:\/\/alter-schmiedehof.de\/index.php\/wp-json\/wp\/v2\/pages"}],"about":[{"href":"https:\/\/alter-schmiedehof.de\/index.php\/wp-json\/wp\/v2\/types\/page"}],"author":[{"embeddable":true,"href":"https:\/\/alter-schmiedehof.de\/index.php\/wp-json\/wp\/v2\/users\/3"}],"replies":[{"embeddable":true,"href":"https:\/\/alter-schmiedehof.de\/index.php\/wp-json\/wp\/v2\/comments?post=49"}],"version-history":[{"count":9,"href":"https:\/\/alter-schmiedehof.de\/index.php\/wp-json\/wp\/v2\/pages\/49\/revisions"}],"predecessor-version":[{"id":259,"href":"https:\/\/alter-schmiedehof.de\/index.php\/wp-json\/wp\/v2\/pages\/49\/revisions\/259"}],"wp:attachment":[{"href":"https:\/\/alter-schmiedehof.de\/index.php\/wp-json\/wp\/v2\/media?parent=49"}],"curies":[{"name":"wp","href":"https:\/\/api.w.org\/{rel}","templated":true}]}}