{"id":2,"date":"2015-11-30T14:08:21","date_gmt":"2015-11-30T13:08:21","guid":{"rendered":"http:\/\/alter-schmiedehof.de\/?page_id=2"},"modified":"2016-02-16T13:54:40","modified_gmt":"2016-02-16T12:54:40","slug":"hallo","status":"publish","type":"page","link":"https:\/\/alter-schmiedehof.de\/","title":{"rendered":"Willkommen"},"content":{"rendered":"<div id='layer_slider_1' class='avia-layerslider main_color avia-shadow  container_wrap fullsize'    style='height: 631px;' ><\/div>\n<\/div><\/div><\/div><!-- close content main div --><\/div><\/div><div id='av-layout-grid-1' class='av-layout-grid-container entry-content-wrapper main_color av-flex-cells    container_wrap fullsize'   >\n<div class=\"flex_cell no_margin av_one_third   \" style='vertical-align:top; padding:20px 15 0 15 ; '><div class='flex_cell_inner' ><p><div style='padding-bottom:10px;font-size:30px;' class='av-special-heading av-special-heading-h3  blockquote modern-quote modern-centered   av-inherit-size '><h3 class='av-special-heading-tag '  itemprop=\"headline\"  >Unser Angebot<\/h3><div class='special-heading-border'><div class='special-heading-inner-border' ><\/div><\/div><\/div><br \/>\n<div class='avia-image-container  av-styling- av-hover-grow   avia-align-center '  itemscope=\"itemscope\" itemtype=\"https:\/\/schema.org\/ImageObject\"  ><div class='avia-image-container-inner'><a href='https:\/\/alter-schmiedehof.de\/index.php\/angebot\/' class='avia_image'  ><img class='avia_image ' src='https:\/\/alter-schmiedehof.de\/wp-content\/uploads\/2015\/11\/pferde.jpg' alt='' title='pferde'  itemprop=\"thumbnailUrl\"  \/><\/a><\/div><\/div><br \/>\n<div class='avia-button-wrap avia-button-center '><a href='https:\/\/alter-schmiedehof.de\/index.php\/angebot\/' class='avia-button   avia-icon_select-yes-left-icon avia-color-theme-color avia-size-small avia-position-center '   ><span class='avia_button_icon avia_button_icon_left ' aria-hidden='true' data-av_icon='\ue881' data-av_iconfont='entypo-fontello'><\/span><span class='avia_iconbox_title' >Mehr erfahren<\/span><\/a><\/div><br \/>\n<section class=\"av_textblock_section \"  itemscope=\"itemscope\" itemtype=\"https:\/\/schema.org\/CreativeWork\" ><div class='avia_textblock  '   itemprop=\"text\" ><p style=\"text-align: justify;\">Jeder Mensch handelt innerhalb seines eigenen Bezugsrahmens sinnvoll und schl\u00fcssig. Jedem Menschen ist mit Respekt, Wertsch\u00e4tzung und auf Augenh\u00f6he zu begegnen. Es ist f\u00fcr uns selbstverst\u00e4ndlich, einen Menschen so anzunehmen wie er ist, mit dem was er kann und mit dem was er mitbringt!<\/p>\n<\/div><\/section><\/p>\n<\/div><\/div><div class=\"flex_cell no_margin av_one_third   \" style='vertical-align:top; padding:20px 15 0px 15 ; '><div class='flex_cell_inner' ><p><div style='padding-bottom:10px;font-size:30px;' class='av-special-heading av-special-heading-h3  blockquote modern-quote modern-centered   av-inherit-size '><h3 class='av-special-heading-tag '  itemprop=\"headline\"  >Aufnahme<\/h3><div class='special-heading-border'><div class='special-heading-inner-border' ><\/div><\/div><\/div><br \/>\n<div class='avia-image-container  av-styling- av-hover-grow   avia-align-center '  itemscope=\"itemscope\" itemtype=\"https:\/\/schema.org\/ImageObject\"  ><div class='avia-image-container-inner'><a href='https:\/\/alter-schmiedehof.de\/index.php\/aufnahme\/' class='avia_image'  ><img class='avia_image ' src='https:\/\/alter-schmiedehof.de\/wp-content\/uploads\/2015\/11\/konzept-gross.jpg' alt='' title='konzept-gross'  itemprop=\"thumbnailUrl\"  \/><\/a><\/div><\/div><br \/>\n<div class='avia-button-wrap avia-button-center '><a href='https:\/\/alter-schmiedehof.de\/index.php\/aufnahme\/' class='avia-button   avia-icon_select-yes-left-icon avia-color-theme-color avia-size-small avia-position-center '   ><span class='avia_button_icon avia_button_icon_left ' aria-hidden='true' data-av_icon='\ue881' data-av_iconfont='entypo-fontello'><\/span><span class='avia_iconbox_title' >Mehr erfahren<\/span><\/a><\/div><br \/>\n<section class=\"av_textblock_section \"  itemscope=\"itemscope\" itemtype=\"https:\/\/schema.org\/CreativeWork\" ><div class='avia_textblock  '   itemprop=\"text\" ><p style=\"text-align: justify;\">Das besondere Leistungsangebot des Alten Schmiedehofs richtet sich an junge M\u00e4dchen mit Traumafolgeerscheinungen, post- traumatischen Belastungsst\u00f6rungen und an komplex traumatisierte M\u00e4dchen.<\/p>\n<\/div><\/section><\/p>\n<\/div><\/div><div class=\"flex_cell no_margin av_one_third   \" style='vertical-align:top; padding:20px 15 0px 15 ; '><div class='flex_cell_inner' ><p><div style='padding-bottom:10px;font-size:30px;' class='av-special-heading av-special-heading-h3  blockquote modern-quote modern-centered   av-inherit-size '><h3 class='av-special-heading-tag '  itemprop=\"headline\"  >Konzept<\/h3><div class='special-heading-border'><div class='special-heading-inner-border' ><\/div><\/div><\/div><br \/>\n<div class='avia-image-container  av-styling- av-hover-grow   avia-align-center '  itemscope=\"itemscope\" itemtype=\"https:\/\/schema.org\/ImageObject\"  ><div class='avia-image-container-inner'><a href='https:\/\/alter-schmiedehof.de\/index.php\/konzept\/' class='avia_image'  ><img class='avia_image ' src='https:\/\/alter-schmiedehof.de\/wp-content\/uploads\/2015\/11\/angebote-gross.jpg' alt='' title='angebote-gross'  itemprop=\"thumbnailUrl\"  \/><\/a><\/div><\/div><br \/>\n<div class='avia-button-wrap avia-button-center '><a href='https:\/\/alter-schmiedehof.de\/index.php\/konzept\/' class='avia-button   avia-icon_select-yes-left-icon avia-color-theme-color avia-size-small avia-position-center '   ><span class='avia_button_icon avia_button_icon_left ' aria-hidden='true' data-av_icon='\ue881' data-av_iconfont='entypo-fontello'><\/span><span class='avia_iconbox_title' >Mehr erfahren<\/span><\/a><\/div><br \/>\n<section class=\"av_textblock_section \"  itemscope=\"itemscope\" itemtype=\"https:\/\/schema.org\/CreativeWork\" ><div class='avia_textblock  '   itemprop=\"text\" ><p style=\"text-align: justify;\">Wir bieten ein Lebensumfeld, das sich durch Kontinuit\u00e4t und eine wertsch\u00e4tzende Gemeinschaft auszeichnet. Wir begegnen jedem Individuum mit seiner eigenen Geschichte respektvoll und best\u00e4rken die M\u00e4dchen, ihren eigenen Weg zu finden. Ein wichtiger Teil unserer Gemeinschaft sind unsere Tiere (Ponys, Ziegen, Hunde und Katzen).<\/p>\n<\/div><\/section><\/p>\n<\/div><\/div><\/div>\n","protected":false},"excerpt":{"rendered":"","protected":false},"author":3,"featured_media":0,"parent":0,"menu_order":0,"comment_status":"closed","ping_status":"open","template":"","meta":{"footnotes":""},"class_list":["post-2","page","type-page","status-publish","hentry"],"_links":{"self":[{"href":"https:\/\/alter-schmiedehof.de\/index.php\/wp-json\/wp\/v2\/pages\/2","targetHints":{"allow":["GET"]}}],"collection":[{"href":"https:\/\/alter-schmiedehof.de\/index.php\/wp-json\/wp\/v2\/pages"}],"about":[{"href":"https:\/\/alter-schmiedehof.de\/index.php\/wp-json\/wp\/v2\/types\/page"}],"author":[{"embeddable":true,"href":"https:\/\/alter-schmiedehof.de\/index.php\/wp-json\/wp\/v2\/users\/3"}],"replies":[{"embeddable":true,"href":"https:\/\/alter-schmiedehof.de\/index.php\/wp-json\/wp\/v2\/comments?post=2"}],"version-history":[{"count":34,"href":"https:\/\/alter-schmiedehof.de\/index.php\/wp-json\/wp\/v2\/pages\/2\/revisions"}],"predecessor-version":[{"id":256,"href":"https:\/\/alter-schmiedehof.de\/index.php\/wp-json\/wp\/v2\/pages\/2\/revisions\/256"}],"wp:attachment":[{"href":"https:\/\/alter-schmiedehof.de\/index.php\/wp-json\/wp\/v2\/media?parent=2"}],"curies":[{"name":"wp","href":"https:\/\/api.w.org\/{rel}","templated":true}]}}