{"id":130,"date":"2016-01-09T21:40:26","date_gmt":"2016-01-09T20:40:26","guid":{"rendered":"http:\/\/alter-schmiedehof.de\/index.php\/angehoerigenarbeit-2\/"},"modified":"2016-02-16T14:11:27","modified_gmt":"2016-02-16T13:11:27","slug":"konzept","status":"publish","type":"page","link":"https:\/\/alter-schmiedehof.de\/index.php\/konzept\/","title":{"rendered":"Konzept"},"content":{"rendered":"<\/div><\/div><\/div><!-- close content main div --><\/div><\/div><div id='full_slider_1' class='avia-fullwidth-slider main_color avia-shadow   container_wrap fullsize'   ><div  data-size='featured_large'  data-lightbox_size='large'  data-animation='slide'  data-ids='166'  data-video_counter='0'  data-autoplay='false'  data-bg_slider='false'  data-slide_height=''  data-handle='av_slideshow_full'  data-interval='5'  data-class=' '  data-css_id=''  data-scroll_down=''  data-control_layout='av-control-default'  data-custom_markup=''  data-perma_caption=''  data-autoplay_stopper=''  data-image_attachment=''  data-min_height='0px'  data-src=''  data-position='top left'  data-repeat='no-repeat'  data-attach='scroll'  data-stretch=''  data-default-height='42'  class='avia-slideshow avia-slideshow-1  av-control-default av-default-height-applied avia-slideshow-featured_large av_slideshow_full   avia-slide-slider '  itemscope=\"itemscope\" itemtype=\"https:\/\/schema.org\/ImageObject\" ><ul class='avia-slideshow-inner' style='padding-bottom: 42%;'><li  class=' av-single-slide slide-1 ' ><div data-rel='slideshow-1' class='avia-slide-wrap'  ><div class = \"caption_fullwidth av-slideshow-caption caption_center\"><div class = \"container caption_container\"><div class = \"slideshow_caption\"><div class = \"slideshow_inner_caption\"><div class = \"slideshow_align_caption\"><h2  style='font-size:60px; ' class='avia-caption-title '  itemprop=\"name\" >Konzept<\/h2><\/div><\/div><\/div><\/div><\/div><img src='https:\/\/alter-schmiedehof.de\/wp-content\/uploads\/2016\/01\/ziege.jpg' width='1500' height='630' title='ziege' alt=''  itemprop=\"thumbnailUrl\"   \/><\/div><\/li><\/ul><\/div><\/div>\n<div class=\"flex_column av_one_fifth  flex_column_div av-zero-column-padding first  \" style='border-radius:0px; '><\/div>\n<div class=\"flex_column av_three_fifth  flex_column_div av-zero-column-padding   \" style='border-radius:0px; '><section class=\"av_textblock_section \"  itemscope=\"itemscope\" itemtype=\"https:\/\/schema.org\/CreativeWork\" ><div class='avia_textblock  '   itemprop=\"text\" ><h3 style=\"text-align: justify;\">Leitbild<\/h3>\n<p style=\"text-align: justify;\">Jeder Mensch handelt innerhalb seines eigenen Bezugsrahmens sinnvoll und schl\u00fcssig. Jedem Menschen ist mit Respekt, Wertsch\u00e4tzung und Augenh\u00f6he zu begegnen. Es ist selbstverst\u00e4ndlich, einen Menschen so anzunehmen wie er ist, mit dem was er kann und mit dem was er mitbringt!<\/p>\n<p style=\"text-align: justify;\">Jeder strebt nach Autonomie, nach Anbindung an eine Gemeinschaft und danach sich selbst als kompetent erleben zu k\u00f6nnen. Die Befriedigung dieser Bed\u00fcrfnisse gelingt unterschiedlich gut. F\u00fcr ein gelingendes eigenst\u00e4ndiges Leben in der Gemeinschaft mit anderen ben\u00f6tigen wir soziale Kompetenzen, wie Kontakt- und Bindungsf\u00e4higkeit, Reflexionsverm\u00f6gen, sowie die F\u00e4higkeit f\u00fcr eigene Interessen einstehen zu k\u00f6nnen und ein sich selbst gegen\u00fcber wertsch\u00e4tzendes Selbstkonzept zu entwickeln. Ebenso ben\u00f6tigt man Orientierung innerhalb der Gesellschaft und die M\u00f6glichkeit eigene Perspektiven entwickeln zu k\u00f6nnen.<\/p>\n<p style=\"text-align: justify;\">Um alle diese F\u00e4higkeiten entwickeln zu k\u00f6nnen, ist eine Umgebung hilfreich, in der ein wertsch\u00e4tzender Umgang und eine nachvollziehbare klare Strukturierung gelebt wird. Jeder Mensch kann zu jeder Zeit sich und seine F\u00e4higkeiten weiterentwickeln, wenn ihm die M\u00f6glichkeiten dazu gegeben werden.<\/p>\n<h3 style=\"text-align: justify;\">P\u00e4dagogik<\/h3>\n<p style=\"text-align: justify;\">Je nach Lebensphase und Anlage ist das Bed\u00fcrfniss nach Autonomie, Anbindung an eine Gemeinschaft und Eigenkompetenz unterschiedlich stark gewichtet. Dem tragen wir Rechnung, indem wir individuelle, situationsangemessene Entwicklungsanreize bieten. Diese k\u00f6nnen je nach M\u00e4dchen und Kontext variieren. Die Ressourcen, F\u00e4higkeiten und Interessen der M\u00e4dchen werden aufgegriffen. St\u00e4rken werden wahrgenommen, benannt und eingesetzt, um einen Platz in der Gemeinschaft zu finden, an dem die Wertsch\u00e4tzung der eigenen Person sp\u00fcrbar wird.<\/p>\n<p style=\"text-align: justify;\">Die M\u00e4dchen brauchen Erfahrungsr\u00e4ume, die unmittelbare, alltagsrelevante Erlebnisse mit ernstem Charakter anbieten. In einem solchem Handlungsfeld k\u00f6nnen Basisqualifikationen wie Durchhalteverm\u00f6gen und ein angemessener Umgang mit Frustrationen, sowie das Planen, Handeln und respektvolle Kommunizieren in der Gruppe nachgelernt oder verbessert werden. Einen solchen Rahmen bietet das Leben auf dem Hof, welches aktiv und aktivierend von uns vorgelebt wird.<\/p>\n<p style=\"text-align: justify;\">Auf dem Hof finden die M\u00e4dchen eine familienanaloge Wohnform, die Sicherheit und ein Ma\u00df an Geborgenheit vermittelt. Sie werden mit ihrer Individualit\u00e4t angenommen und von uns dabei unterst\u00fctzt, sich selbst zu akzeptieren und ihre eigene Pers\u00f6nlichkeit zu entwickeln.<\/p>\n<p style=\"text-align: justify;\">Der Aufbau und die Gew\u00e4hrleistung von tragf\u00e4higen und verl\u00e4sslichen Beziehungen im Alltag sind dabei von grundlegender Bedeutung.<\/p>\n<h3 style=\"text-align: justify;\">Allgemein<\/h3>\n<p style=\"text-align: justify;\">Neben dem Haupthaus und dem altem Schmiedegeb\u00e4ude befinden sich auf dem Gel\u00e4nde ein Pferdestall mit Sattelkammer, ein beleuchteter Reitplatz, ein Fahrradschuppen, ein Grillplatz sowie eine Ziegenwiese mit Ziegenstall. Es gibt einen Gem\u00fcsegarten zwischen Reitplatz und dem Ziegengehege und eine gr\u00f6\u00dfere Pferdeweide gegen\u00fcber vom Haus. Es leben hier Pferde, Hunde, Katzen und Ziegen.<\/p>\n<p style=\"text-align: justify;\">Jedes M\u00e4dchen hat ein eigenes Zimmer, welches es nach der Eingew\u00f6hnungsphase selbst\u00e4ndig gestaltet werden darf.<\/p>\n<p style=\"text-align: justify;\">Bei gen\u00fcgend Verantwortungsbewusstsein besteht die M\u00f6glichkeit, Kleintiere im Zimmer zu halten. Im Haus befindet sich eine Wohnk\u00fcche zum gemeinsamen Kochen und Essen sowie ein Wohnraum zum Spielen, Quatschen, Feiern und Fernsehen.<\/p>\n<p style=\"text-align: justify;\">Des Weiteren gibt es diverse Wirtschaftsr\u00e4ume und ein B\u00fcro mit angeschlossenem Betreuerschlafraum, sowie 3 B\u00e4der.<\/p>\n<p style=\"text-align: justify;\">Die \u00e4rztliche Versorgung ist in der n\u00e4heren Umgebung gew\u00e4hrleistet. Durch die l\u00e4ngere Zusammenarbeit mit Medizinern verschiedener Fachrichtungen, k\u00f6nnen wir auf \u00c4rzte zur\u00fcckgreifen, die mit den Besonderheiten unserer M\u00e4dchen vertraut sind.<\/p>\n<p style=\"text-align: justify;\">Fach\u00e4rzte, sowie Psychologen und Psychiater f\u00fcr ambulante Therapien sind in den umliegenden St\u00e4dten ans\u00e4ssig.<\/p>\n<p style=\"text-align: justify;\">Kriseninterventionen k\u00f6nnen in der Kinder- und Jugend- sowie Erwachsenenpsychiatrie Schleswig, mit der wir in Kontakt stehen, stattfinden. Dort gibt es auch die M\u00f6glichkeit, eine Langzeittherapie oder eine ambulante Therapie zu machen.<\/p>\n<p style=\"text-align: justify;\">F\u00fcr eventuelle Langzeittherapien verfolgen wir au\u00dferdem eine enge Zusammenarbeit mit der KJP L\u00fcbeck-Vorwerk, da diese eine besonders geeignete Station f\u00fcr unsere M\u00e4dchen anbietet.<\/p>\n<p style=\"text-align: justify;\">Selbstverst\u00e4ndlich arbeiten wir eng mit den Schulen, Praktikums- und Ausbildungsstellen zusammen. Mit der ans\u00e4ssigen Agentur f\u00fcr Arbeit und den Jugend\u00e4mtern wird eine produktive Zusammenarbeit gepflegt.<\/p>\n<h3 style=\"text-align: justify;\">Ern\u00e4hrung und Bewegung<\/h3>\n<p style=\"text-align: justify;\">Aktiv machen wir vielf\u00e4ltige, alltagstaugliche Sportangebote. Bewegung allein, mit Betreuer oder in der Gemeinschaft hat f\u00fcr uns einen hohen Stellenwert. Selbstverst\u00e4ndlich ber\u00fccksichtigen wir dabei individuelle Interessen.<\/p>\n<p style=\"text-align: justify;\">Gerne gestalten wir die Freizeit drau\u00dfen, mit Pferdetraining oder auch der Besch\u00e4ftigung mit den Hunden oder Ziegen. Wir halten die M\u00e4dchen an und unterst\u00fctzen sie dabei, die umliegenden Sportvereine zu besuchen.<\/p>\n<p style=\"text-align: justify;\">Normal ist f\u00fcr uns das gemeinsame Kochen und Essen. Dabei achten wir aus eigener \u00dcberzeugung auf eine bewusste, gesunde und ausgewogene Ern\u00e4hrung, die nat\u00fcrlich auch gut schmecken soll.<\/p>\n<\/div><\/section><\/div><div class=\"flex_column av_one_fifth  flex_column_div av-zero-column-padding   \" style='border-radius:0px; '><\/div><\/p>\n","protected":false},"excerpt":{"rendered":"","protected":false},"author":3,"featured_media":0,"parent":0,"menu_order":0,"comment_status":"closed","ping_status":"closed","template":"","meta":{"footnotes":""},"class_list":["post-130","page","type-page","status-publish","hentry"],"_links":{"self":[{"href":"https:\/\/alter-schmiedehof.de\/index.php\/wp-json\/wp\/v2\/pages\/130","targetHints":{"allow":["GET"]}}],"collection":[{"href":"https:\/\/alter-schmiedehof.de\/index.php\/wp-json\/wp\/v2\/pages"}],"about":[{"href":"https:\/\/alter-schmiedehof.de\/index.php\/wp-json\/wp\/v2\/types\/page"}],"author":[{"embeddable":true,"href":"https:\/\/alter-schmiedehof.de\/index.php\/wp-json\/wp\/v2\/users\/3"}],"replies":[{"embeddable":true,"href":"https:\/\/alter-schmiedehof.de\/index.php\/wp-json\/wp\/v2\/comments?post=130"}],"version-history":[{"count":4,"href":"https:\/\/alter-schmiedehof.de\/index.php\/wp-json\/wp\/v2\/pages\/130\/revisions"}],"predecessor-version":[{"id":263,"href":"https:\/\/alter-schmiedehof.de\/index.php\/wp-json\/wp\/v2\/pages\/130\/revisions\/263"}],"wp:attachment":[{"href":"https:\/\/alter-schmiedehof.de\/index.php\/wp-json\/wp\/v2\/media?parent=130"}],"curies":[{"name":"wp","href":"https:\/\/api.w.org\/{rel}","templated":true}]}}